{"id":60,"date":"2021-07-14T15:20:07","date_gmt":"2021-07-14T18:20:07","guid":{"rendered":"https:\/\/188.34.164.47\/wordpress\/?page_id=60"},"modified":"2023-05-18T09:51:46","modified_gmt":"2023-05-18T12:51:46","slug":"lineamientos","status":"publish","type":"page","link":"https:\/\/arboldepiedra.org\/wordpress\/?page_id=60","title":{"rendered":"LINEAMIENTOS"},"content":{"rendered":"\n<p><strong>Para definir nuestra asociaci\u00f3n tuvimos en cuenta los siguientes aspectos definidos por la UICN en&nbsp;<u>Directrices para la aplicaci\u00f3n de las categor\u00edas de gesti\u00f3n de \u00e1reas protegidas<\/u><a href=\"https:\/\/arboldepiedra.org\/index.php\/lineamientos\/#_ftn1\">[1]<\/a><\/strong><\/p>\n\n\n\n<p><strong>\u00c1rea Protegida<\/strong><\/p>\n\n\n\n<p>Un \u00e1rea protegida es: \u201cUn espacio geogr\u00e1fico claramente definido, reconocido, dedicado y gestionado, mediante medios legales u otros tipos de medios eficaces para conseguir la conservaci\u00f3n a largo plazo de la naturaleza y de sus servicios ecosist\u00e9micos y sus valores culturales asociados\u201d.<\/p>\n\n\n\n<p><strong>Categor\u00eda VI: \u00c1rea protegida con uso sostenible de los recursos naturales<\/strong><\/p>\n\n\n\n<p>Las \u00e1reas protegidas de categor\u00eda VI conservan ecosistemas y h\u00e1bitats, junto con los valores culturales y los sistemas tradicionales de gesti\u00f3n de recursos naturales asociados a ellos<\/p>\n\n\n\n<p>Objetivo primario:<\/p>\n\n\n\n<ul><li>Proteger los ecosistemas naturales y usar los recursos naturales de forma sostenible, cuando la conservaci\u00f3n y el uso sostenible puedan beneficiarse mutuamente.<\/li><\/ul>\n\n\n\n<p>Otros objetivos:<\/p>\n\n\n\n<ul><li>Promover el&nbsp; uso&nbsp; sostenible&nbsp; de&nbsp; los&nbsp; recursos&nbsp; naturales, considerando&nbsp; las&nbsp; dimensiones&nbsp; ecol\u00f3gica,&nbsp; econ\u00f3mica&nbsp; y social.<\/li><li>Promover beneficios sociales y econ\u00f3micos para las comunidades locales cuando sea relevante.<\/li><li>Facilitar la&nbsp; seguridad&nbsp; intergeneracional&nbsp; de&nbsp; los&nbsp; medios&nbsp; de vida&nbsp; de&nbsp; las&nbsp; comunidades&nbsp; locales&nbsp; \u2013&nbsp; garantizando&nbsp; as\u00ed&nbsp; que dichos medios de vida son sostenibles.<\/li><li>Integrar otros&nbsp; enfoques&nbsp; culturales,&nbsp; sistemas&nbsp; de&nbsp; creencias&nbsp; y&nbsp; visiones&nbsp; del&nbsp; mundo&nbsp; dentro&nbsp; de&nbsp; la&nbsp; gama&nbsp; de enfoques&nbsp; sociales&nbsp; y&nbsp; econ\u00f3micos&nbsp; de&nbsp; conservaci\u00f3n&nbsp; de&nbsp; la naturaleza.<\/li><li>Contribuir al &nbsp;&nbsp;desarrollo&nbsp;&nbsp; y\/o&nbsp;&nbsp; mantenimiento&nbsp;&nbsp; de&nbsp;&nbsp; una relaci\u00f3n m\u00e1s equilibrada entre los seres humanos y el resto de la naturaleza.<\/li><li>Contribuir al desarrollo sostenible a nivel nacional, regional y&nbsp; local&nbsp; (en&nbsp; este&nbsp; \u00faltimo&nbsp; caso&nbsp; especialmente&nbsp; para&nbsp; las&nbsp; comunidades&nbsp; locales&nbsp; y\/o&nbsp; pueblos&nbsp; ind\u00edgenas&nbsp; que&nbsp; dependen&nbsp; de recursos naturales protegidos).<\/li><li>Facilitar la&nbsp; investigaci\u00f3n&nbsp; cient\u00edfica&nbsp; y&nbsp; el&nbsp; monitoreo&nbsp; ambiental, principalmente en relaci\u00f3n con la conservaci\u00f3n y el uso sostenible de los recursos naturales. T\u00e9ngase en cuenta que esto no excluye necesariamente actividades de bajo nivel como la recolecci\u00f3n de productos forestales no madereros.<\/li><li>Colaborar en la obtenci\u00f3n de beneficios para las personas, especialmente las comunidades locales, que viven dentro o en las proximidades del \u00e1rea protegida designada.<\/li><li>Facilitar los&nbsp; usos&nbsp; recreativos&nbsp; y&nbsp; un&nbsp; turismo&nbsp; adecuado&nbsp; a peque\u00f1a escala.<\/li><\/ul>\n\n\n\n<p>Las \u00e1reas protegidas de categor\u00eda VI son singulares dentro del&nbsp; sistema&nbsp; de&nbsp; categor\u00edas&nbsp; de&nbsp; la&nbsp; UICN,&nbsp; ya&nbsp; que&nbsp; tienen&nbsp; el uso sostenible de los recursos naturales como medio para conseguir&nbsp; la&nbsp; conservaci\u00f3n&nbsp; de&nbsp; la&nbsp; naturaleza,&nbsp; junto&nbsp; y&nbsp; en sinergia&nbsp; con&nbsp; otras&nbsp; acciones&nbsp; comunes&nbsp; a&nbsp; otras&nbsp; categor\u00edas como la protecci\u00f3n.<\/p>\n\n\n\n<p><strong>Gobernanza<\/strong><\/p>\n\n\n\n<p>La definici\u00f3n de \u00e1rea protegida de la UICN deja claro que dichas \u00e1reas deben ser gestionadas para la conservaci\u00f3n a perpetuidad y que \u00e9ste es el principal criterio para distinguir si un \u00e1rea terrestre o acu\u00e1tica de propiedad privada concreta es un \u00e1rea protegida o no. Un propietario que gestione con fines de conservaci\u00f3n pero que no establezca disposiciones respecto a la futura gesti\u00f3n de las mismas por supuesto que contribuye a la conservaci\u00f3n pero no mediante un \u00e1rea protegida reconocida. Proporcionar esta seguridad a largo plazo es uno de los retos a los que se enfrentan las \u00e1reas protegidas privadas.<\/p>\n\n\n\n<p>Las \u00e1reas protegidas privadas normalmente no se encuentran bajo la autoridad gubernamental directa. Existen diferentes tipos de entidades a cargo de \u00e1reas protegidas privadas, cada una con implicaciones espec\u00edficas sobre la gesti\u00f3n:<\/p>\n\n\n\n<p>-Personas f\u00edsicas<\/p>\n\n\n\n<p>\u2013 Empresas<\/p>\n\n\n\n<p>\u2013 Cooperativas<\/p>\n\n\n\n<p>\u2013&nbsp;ONG (el \u00e1rea se encuentra bajo el control de una organizaci\u00f3n sin \u00e1nimo de lucro que tiene un objeto espec\u00edfico y que normalmente est\u00e1 controlada por un ejecutivo, un consejo y los socios).&nbsp;Este es el caso de \u00c1rbol de Piedra.<\/p>\n\n\n\n<p>La UICN ha explorado una serie de amplios principios para la buena gobernanza de \u00e1reas protegidas, incluyendo:<\/p>\n\n\n\n<ul><li>Legitimidad y voz \u2013 di\u00e1logo social y acuerdos colectivos sobre los objetivos y estrategias de gesti\u00f3n de \u00e1reas protegidas sobre la base de libertad de asociaci\u00f3n y expresi\u00f3n sin discriminaci\u00f3n en funci\u00f3n de g\u00e9nero, etnia, modos de vida, valores culturales u otras caracter\u00edsticas;<\/li><li>Subsidiariedad \u2013 atribuir autoridad de gesti\u00f3n y responsabilidad a las instituciones m\u00e1s cercanas a los recursos en concreto;<\/li><li>Equidad \u2013 compartir equitativamente los costes y beneficios de establecer y administrar \u00e1reas protegidas y proporcionar un medio de juicio imparcial en caso de conflicto relacionado;<\/li><li>No hacer da\u00f1o \u2013 asegurar que los costes de establecer y gestionar \u00e1reas protegidas no creen o agraven la pobreza y la vulnerabilidad;<\/li><li>Direcci\u00f3n \u2013 fomentar y mantener una visi\u00f3n a largo plazo inspiradora y consistente del \u00e1rea protegida y sus objetivos de conservaci\u00f3n;<\/li><li>Rendimiento \u2013 conservar eficazmente la biodiversidad a la vez que responder a las preocupaciones de los grupos de inter\u00e9s y realizar un uso inteligente de los recursos;<\/li><li>Rendici\u00f3n de cuentas \u2013 tener claras l\u00edneas de responsabilidad y asegurar la informaci\u00f3n y comunicaci\u00f3n adecuadas de todos los grupos implicados acerca del cumplimiento de sus responsabilidades;<\/li><li>Transparencia \u2013 asegurar que toda la informaci\u00f3n relevante est\u00e9 disponible para los grupos implicados;<\/li><li>Derechos humanos \u2013 respetar los derechos humanos en el contexto de la gobernanza de las \u00e1reas protegidas, incluidos los derechos de las generaciones futuras.<\/li><\/ul>\n\n\n\n<p><a href=\"https:\/\/portals.iucn.org\/library\/efiles\/documents\/PAPS-016-Es.pdf\">Para leer el material completo<\/a>&nbsp;<\/p>\n\n\n\n<p><a href=\"https:\/\/arboldepiedra.org\/index.php\/lineamientos\/#_ftnref1\">[1]<\/a>&nbsp;Dudley, N. (Editor) (2008). Directrices para la aplicaci\u00f3n de las categor\u00edas de gesti\u00f3n de \u00e1reas protegidas. Gland, Suiza: UICN. x + 96pp.<\/p>\n","protected":false},"excerpt":{"rendered":"<p>Para definir nuestra asociaci&oacute;n tuvimos en cuenta los siguientes aspectos definidos por la UICN en&nbsp;Directrices para la aplicaci&oacute;n de las categor&iacute;as de gesti&oacute;n de &aacute;reas protegidas[1] &Aacute;rea Protegida Un &aacute;rea protegida es: &ldquo;Un espacio geogr&aacute;fico claramente definido, reconocido, dedicado y gestionado, mediante medios legales u otros tipos de medios eficaces para conseguir la conservaci&oacute;n a [&hellip;]<\/p>\n","protected":false},"author":1,"featured_media":0,"parent":0,"menu_order":0,"comment_status":"closed","ping_status":"closed","template":"","meta":[],"_links":{"self":[{"href":"https:\/\/arboldepiedra.org\/wordpress\/index.php?rest_route=\/wp\/v2\/pages\/60"}],"collection":[{"href":"https:\/\/arboldepiedra.org\/wordpress\/index.php?rest_route=\/wp\/v2\/pages"}],"about":[{"href":"https:\/\/arboldepiedra.org\/wordpress\/index.php?rest_route=\/wp\/v2\/types\/page"}],"author":[{"embeddable":true,"href":"https:\/\/arboldepiedra.org\/wordpress\/index.php?rest_route=\/wp\/v2\/users\/1"}],"replies":[{"embeddable":true,"href":"https:\/\/arboldepiedra.org\/wordpress\/index.php?rest_route=%2Fwp%2Fv2%2Fcomments&post=60"}],"version-history":[{"count":1,"href":"https:\/\/arboldepiedra.org\/wordpress\/index.php?rest_route=\/wp\/v2\/pages\/60\/revisions"}],"predecessor-version":[{"id":61,"href":"https:\/\/arboldepiedra.org\/wordpress\/index.php?rest_route=\/wp\/v2\/pages\/60\/revisions\/61"}],"wp:attachment":[{"href":"https:\/\/arboldepiedra.org\/wordpress\/index.php?rest_route=%2Fwp%2Fv2%2Fmedia&parent=60"}],"curies":[{"name":"wp","href":"https:\/\/api.w.org\/{rel}","templated":true}]}}