{"id":102,"date":"2023-05-09T12:38:13","date_gmt":"2023-05-09T15:38:13","guid":{"rendered":"https:\/\/arboldepiedra.org\/wordpress\/?page_id=102"},"modified":"2024-11-27T13:51:52","modified_gmt":"2024-11-27T16:51:52","slug":"relevamiento","status":"publish","type":"page","link":"https:\/\/arboldepiedra.org\/wordpress\/?page_id=102","title":{"rendered":"RELEVAMIENTO"},"content":{"rendered":"\n<p class=\"has-text-align-center has-large-font-size\">En \u00c1rbol de Piedra llevamos adelante el relevamiento de los \u00e1rboles de la reserva porque compartimos la premisa que afirma que &#8220;no se puede cuidar lo que no se conoce&#8221;. El relevamiento es llevado a cabo por un equipo de profesionales y es publicado en la web. Es una tarea ardua que va avanzando de a poco y que es posible gracias a los amigos y amigas de \u00c1rbol de Piedra. Cada \u00e1rbol est\u00e1 georeferenciado y catalogado en un registro que incluye tama\u00f1o y estado de conservaci\u00f3n. Si quer\u00e9s ver como va avanzando el relevamiento entr\u00e1 en este <a rel=\"noreferrer noopener\" href=\"https:\/\/felt.com\/map\/Relevamiento-de-Arboles-fLuOYscwT9AmxF1wmihQJBD\" target=\"_blank\">link<\/a> y no olvides hacer click en cada \u00e1rbol para ver sus detalles.<\/p>\n\n\n\n<div class=\"wp-block-columns\">\n<div class=\"wp-block-column\" style=\"flex-basis:100%\">\n<div class=\"wp-block-group\"><div class=\"wp-block-group__inner-container\">\n<div class=\"wp-block-group\"><div class=\"wp-block-group__inner-container\">\n<figure class=\"wp-block-gallery columns-3 is-cropped\"><ul class=\"blocks-gallery-grid\"><li class=\"blocks-gallery-item\"><figure><img loading=\"lazy\" width=\"1024\" height=\"498\" src=\"https:\/\/arboldepiedra.org\/wordpress\/wp-content\/uploads\/2023\/05\/20190321_154249-1024x498.jpg\" alt=\"\" data-id=\"103\" data-link=\"https:\/\/arboldepiedra.org\/wordpress\/?attachment_id=103\" class=\"wp-image-103\" srcset=\"https:\/\/arboldepiedra.org\/wordpress\/wp-content\/uploads\/2023\/05\/20190321_154249-1024x498.jpg 1024w, https:\/\/arboldepiedra.org\/wordpress\/wp-content\/uploads\/2023\/05\/20190321_154249-300x146.jpg 300w, https:\/\/arboldepiedra.org\/wordpress\/wp-content\/uploads\/2023\/05\/20190321_154249-768x373.jpg 768w, https:\/\/arboldepiedra.org\/wordpress\/wp-content\/uploads\/2023\/05\/20190321_154249-1536x747.jpg 1536w, https:\/\/arboldepiedra.org\/wordpress\/wp-content\/uploads\/2023\/05\/20190321_154249-2048x996.jpg 2048w, https:\/\/arboldepiedra.org\/wordpress\/wp-content\/uploads\/2023\/05\/20190321_154249-1240x603.jpg 1240w, https:\/\/arboldepiedra.org\/wordpress\/wp-content\/uploads\/2023\/05\/20190321_154249-508x247.jpg 508w\" sizes=\"(max-width: 1024px) 100vw, 1024px\" \/><\/figure><\/li><li class=\"blocks-gallery-item\"><figure><img loading=\"lazy\" width=\"1024\" height=\"1024\" src=\"https:\/\/arboldepiedra.org\/wordpress\/wp-content\/uploads\/2023\/05\/20200507_154815-1024x1024.jpg\" alt=\"\" data-id=\"104\" data-link=\"https:\/\/arboldepiedra.org\/wordpress\/?attachment_id=104\" class=\"wp-image-104\" srcset=\"https:\/\/arboldepiedra.org\/wordpress\/wp-content\/uploads\/2023\/05\/20200507_154815-1024x1024.jpg 1024w, https:\/\/arboldepiedra.org\/wordpress\/wp-content\/uploads\/2023\/05\/20200507_154815-300x300.jpg 300w, https:\/\/arboldepiedra.org\/wordpress\/wp-content\/uploads\/2023\/05\/20200507_154815-150x150.jpg 150w, https:\/\/arboldepiedra.org\/wordpress\/wp-content\/uploads\/2023\/05\/20200507_154815-768x768.jpg 768w, https:\/\/arboldepiedra.org\/wordpress\/wp-content\/uploads\/2023\/05\/20200507_154815-1536x1536.jpg 1536w, https:\/\/arboldepiedra.org\/wordpress\/wp-content\/uploads\/2023\/05\/20200507_154815-2048x2048.jpg 2048w, https:\/\/arboldepiedra.org\/wordpress\/wp-content\/uploads\/2023\/05\/20200507_154815-1240x1240.jpg 1240w, https:\/\/arboldepiedra.org\/wordpress\/wp-content\/uploads\/2023\/05\/20200507_154815-508x508.jpg 508w\" sizes=\"(max-width: 1024px) 100vw, 1024px\" \/><\/figure><\/li><li class=\"blocks-gallery-item\"><figure><img loading=\"lazy\" width=\"1024\" height=\"1024\" src=\"https:\/\/arboldepiedra.org\/wordpress\/wp-content\/uploads\/2023\/05\/20200510_165059-1024x1024.jpg\" alt=\"\" data-id=\"105\" data-link=\"https:\/\/arboldepiedra.org\/wordpress\/?attachment_id=105\" class=\"wp-image-105\" srcset=\"https:\/\/arboldepiedra.org\/wordpress\/wp-content\/uploads\/2023\/05\/20200510_165059-1024x1024.jpg 1024w, https:\/\/arboldepiedra.org\/wordpress\/wp-content\/uploads\/2023\/05\/20200510_165059-300x300.jpg 300w, https:\/\/arboldepiedra.org\/wordpress\/wp-content\/uploads\/2023\/05\/20200510_165059-150x150.jpg 150w, https:\/\/arboldepiedra.org\/wordpress\/wp-content\/uploads\/2023\/05\/20200510_165059-768x768.jpg 768w, https:\/\/arboldepiedra.org\/wordpress\/wp-content\/uploads\/2023\/05\/20200510_165059-1536x1536.jpg 1536w, https:\/\/arboldepiedra.org\/wordpress\/wp-content\/uploads\/2023\/05\/20200510_165059-2048x2048.jpg 2048w, https:\/\/arboldepiedra.org\/wordpress\/wp-content\/uploads\/2023\/05\/20200510_165059-1240x1240.jpg 1240w, https:\/\/arboldepiedra.org\/wordpress\/wp-content\/uploads\/2023\/05\/20200510_165059-508x508.jpg 508w\" sizes=\"(max-width: 1024px) 100vw, 1024px\" \/><\/figure><\/li><li class=\"blocks-gallery-item\"><figure><img loading=\"lazy\" width=\"1024\" height=\"1024\" src=\"https:\/\/arboldepiedra.org\/wordpress\/wp-content\/uploads\/2023\/05\/20200507_155757-1024x1024.jpg\" alt=\"\" data-id=\"106\" data-link=\"https:\/\/arboldepiedra.org\/wordpress\/?attachment_id=106\" class=\"wp-image-106\" srcset=\"https:\/\/arboldepiedra.org\/wordpress\/wp-content\/uploads\/2023\/05\/20200507_155757-1024x1024.jpg 1024w, https:\/\/arboldepiedra.org\/wordpress\/wp-content\/uploads\/2023\/05\/20200507_155757-300x300.jpg 300w, https:\/\/arboldepiedra.org\/wordpress\/wp-content\/uploads\/2023\/05\/20200507_155757-150x150.jpg 150w, https:\/\/arboldepiedra.org\/wordpress\/wp-content\/uploads\/2023\/05\/20200507_155757-768x768.jpg 768w, https:\/\/arboldepiedra.org\/wordpress\/wp-content\/uploads\/2023\/05\/20200507_155757-1536x1536.jpg 1536w, https:\/\/arboldepiedra.org\/wordpress\/wp-content\/uploads\/2023\/05\/20200507_155757-2048x2048.jpg 2048w, https:\/\/arboldepiedra.org\/wordpress\/wp-content\/uploads\/2023\/05\/20200507_155757-1240x1240.jpg 1240w, https:\/\/arboldepiedra.org\/wordpress\/wp-content\/uploads\/2023\/05\/20200507_155757-508x508.jpg 508w\" sizes=\"(max-width: 1024px) 100vw, 1024px\" \/><\/figure><\/li><li class=\"blocks-gallery-item\"><figure><img loading=\"lazy\" width=\"1024\" height=\"1024\" src=\"https:\/\/arboldepiedra.org\/wordpress\/wp-content\/uploads\/2023\/05\/20200516_171558-1024x1024.jpg\" alt=\"\" data-id=\"107\" data-link=\"https:\/\/arboldepiedra.org\/wordpress\/?attachment_id=107\" class=\"wp-image-107\" srcset=\"https:\/\/arboldepiedra.org\/wordpress\/wp-content\/uploads\/2023\/05\/20200516_171558-1024x1024.jpg 1024w, https:\/\/arboldepiedra.org\/wordpress\/wp-content\/uploads\/2023\/05\/20200516_171558-300x300.jpg 300w, https:\/\/arboldepiedra.org\/wordpress\/wp-content\/uploads\/2023\/05\/20200516_171558-150x150.jpg 150w, https:\/\/arboldepiedra.org\/wordpress\/wp-content\/uploads\/2023\/05\/20200516_171558-768x768.jpg 768w, https:\/\/arboldepiedra.org\/wordpress\/wp-content\/uploads\/2023\/05\/20200516_171558-1536x1536.jpg 1536w, https:\/\/arboldepiedra.org\/wordpress\/wp-content\/uploads\/2023\/05\/20200516_171558-2048x2048.jpg 2048w, https:\/\/arboldepiedra.org\/wordpress\/wp-content\/uploads\/2023\/05\/20200516_171558-1240x1240.jpg 1240w, https:\/\/arboldepiedra.org\/wordpress\/wp-content\/uploads\/2023\/05\/20200516_171558-508x508.jpg 508w\" sizes=\"(max-width: 1024px) 100vw, 1024px\" \/><\/figure><\/li><li class=\"blocks-gallery-item\"><figure><img loading=\"lazy\" width=\"1024\" height=\"1024\" src=\"https:\/\/arboldepiedra.org\/wordpress\/wp-content\/uploads\/2023\/05\/20200918_152959-2-1024x1024.jpg\" alt=\"\" data-id=\"114\" data-full-url=\"https:\/\/arboldepiedra.org\/wordpress\/wp-content\/uploads\/2023\/05\/20200918_152959-2.jpg\" data-link=\"https:\/\/arboldepiedra.org\/wordpress\/?attachment_id=114\" class=\"wp-image-114\" srcset=\"https:\/\/arboldepiedra.org\/wordpress\/wp-content\/uploads\/2023\/05\/20200918_152959-2-1024x1024.jpg 1024w, https:\/\/arboldepiedra.org\/wordpress\/wp-content\/uploads\/2023\/05\/20200918_152959-2-300x300.jpg 300w, https:\/\/arboldepiedra.org\/wordpress\/wp-content\/uploads\/2023\/05\/20200918_152959-2-150x150.jpg 150w, https:\/\/arboldepiedra.org\/wordpress\/wp-content\/uploads\/2023\/05\/20200918_152959-2-768x768.jpg 768w, https:\/\/arboldepiedra.org\/wordpress\/wp-content\/uploads\/2023\/05\/20200918_152959-2-1536x1536.jpg 1536w, https:\/\/arboldepiedra.org\/wordpress\/wp-content\/uploads\/2023\/05\/20200918_152959-2-1240x1240.jpg 1240w, https:\/\/arboldepiedra.org\/wordpress\/wp-content\/uploads\/2023\/05\/20200918_152959-2-508x508.jpg 508w, https:\/\/arboldepiedra.org\/wordpress\/wp-content\/uploads\/2023\/05\/20200918_152959-2.jpg 1968w\" sizes=\"(max-width: 1024px) 100vw, 1024px\" \/><\/figure><\/li><\/ul><figcaption class=\"blocks-gallery-caption\">Ph: Ana Sued<\/figcaption><\/figure>\n\n\n\n<figure class=\"wp-block-image size-large\"><a href=\"https:\/\/felt.com\/map\/Relevamiento-de-Arboles-fLuOYscwT9AmxF1wmihQJBD?loc=-30.796259,-64.541387,17.64z\" target=\"_blank\" rel=\"noopener\"><img loading=\"lazy\" width=\"900\" height=\"825\" src=\"https:\/\/arboldepiedra.org\/wordpress\/wp-content\/uploads\/2024\/11\/qgis-bin_2024-11-27_13-35-51.png\" alt=\"\" class=\"wp-image-159\" srcset=\"https:\/\/arboldepiedra.org\/wordpress\/wp-content\/uploads\/2024\/11\/qgis-bin_2024-11-27_13-35-51.png 900w, https:\/\/arboldepiedra.org\/wordpress\/wp-content\/uploads\/2024\/11\/qgis-bin_2024-11-27_13-35-51-300x275.png 300w, https:\/\/arboldepiedra.org\/wordpress\/wp-content\/uploads\/2024\/11\/qgis-bin_2024-11-27_13-35-51-768x704.png 768w, https:\/\/arboldepiedra.org\/wordpress\/wp-content\/uploads\/2024\/11\/qgis-bin_2024-11-27_13-35-51-508x466.png 508w\" sizes=\"(max-width: 900px) 100vw, 900px\" \/><\/a><\/figure>\n\n\n\n<blockquote class=\"wp-block-quote has-text-align-center\"><p>&#8220;no se puede cuidar lo que no se conoce&#8221;<\/p><\/blockquote>\n<\/div><\/div>\n\n\n\n<p><\/p>\n<\/div><\/div>\n<\/div>\n<\/div>\n","protected":false},"excerpt":{"rendered":"<p>En &Aacute;rbol de Piedra llevamos adelante el relevamiento de los &aacute;rboles de la reserva porque compartimos la premisa que afirma que &ldquo;no se puede cuidar lo que no se conoce&rdquo;. El relevamiento es llevado a cabo por un equipo de profesionales y es publicado en la web. Es una tarea ardua que va avanzando de [&hellip;]<\/p>\n","protected":false},"author":1,"featured_media":16,"parent":0,"menu_order":0,"comment_status":"closed","ping_status":"closed","template":"","meta":[],"_links":{"self":[{"href":"https:\/\/arboldepiedra.org\/wordpress\/index.php?rest_route=\/wp\/v2\/pages\/102"}],"collection":[{"href":"https:\/\/arboldepiedra.org\/wordpress\/index.php?rest_route=\/wp\/v2\/pages"}],"about":[{"href":"https:\/\/arboldepiedra.org\/wordpress\/index.php?rest_route=\/wp\/v2\/types\/page"}],"author":[{"embeddable":true,"href":"https:\/\/arboldepiedra.org\/wordpress\/index.php?rest_route=\/wp\/v2\/users\/1"}],"replies":[{"embeddable":true,"href":"https:\/\/arboldepiedra.org\/wordpress\/index.php?rest_route=%2Fwp%2Fv2%2Fcomments&post=102"}],"version-history":[{"count":5,"href":"https:\/\/arboldepiedra.org\/wordpress\/index.php?rest_route=\/wp\/v2\/pages\/102\/revisions"}],"predecessor-version":[{"id":162,"href":"https:\/\/arboldepiedra.org\/wordpress\/index.php?rest_route=\/wp\/v2\/pages\/102\/revisions\/162"}],"wp:featuredmedia":[{"embeddable":true,"href":"https:\/\/arboldepiedra.org\/wordpress\/index.php?rest_route=\/wp\/v2\/media\/16"}],"wp:attachment":[{"href":"https:\/\/arboldepiedra.org\/wordpress\/index.php?rest_route=%2Fwp%2Fv2%2Fmedia&parent=102"}],"curies":[{"name":"wp","href":"https:\/\/api.w.org\/{rel}","templated":true}]}}